{"id":2056,"date":"2024-01-07T18:16:51","date_gmt":"2024-01-07T18:16:51","guid":{"rendered":"https:\/\/app.slscafe.eu\/?page_id=2056"},"modified":"2024-01-07T18:46:08","modified_gmt":"2024-01-07T18:46:08","slug":"about-3","status":"publish","type":"page","link":"https:\/\/app.slscafe.eu\/index.php\/fr\/about-3\/","title":{"rendered":"About fr"},"content":{"rendered":"\t\t<div data-elementor-type=\"wp-page\" data-elementor-id=\"2056\" class=\"elementor elementor-2056\">\n\t\t\t\t\t\t\t\t\t<section class=\"elementor-section elementor-top-section elementor-element elementor-element-173ef3c elementor-section-boxed elementor-section-height-default elementor-section-height-default\" data-id=\"173ef3c\" data-element_type=\"section\">\n\t\t\t\t\t\t<div class=\"elementor-container elementor-column-gap-default\">\n\t\t\t\t\t<div class=\"elementor-column elementor-col-100 elementor-top-column elementor-element elementor-element-26420cb\" data-id=\"26420cb\" data-element_type=\"column\">\n\t\t\t<div class=\"elementor-widget-wrap elementor-element-populated\">\n\t\t\t\t\t\t\t\t<div class=\"elementor-element elementor-element-e339f65 elementor-widget elementor-widget-heading\" data-id=\"e339f65\" data-element_type=\"widget\" data-widget_type=\"heading.default\">\n\t\t\t\t<div class=\"elementor-widget-container\">\n\t\t\t<style>\/*! elementor - v3.18.0 - 20-12-2023 *\/\n.elementor-heading-title{padding:0;margin:0;line-height:1}.elementor-widget-heading .elementor-heading-title[class*=elementor-size-]>a{color:inherit;font-size:inherit;line-height:inherit}.elementor-widget-heading .elementor-heading-title.elementor-size-small{font-size:15px}.elementor-widget-heading .elementor-heading-title.elementor-size-medium{font-size:19px}.elementor-widget-heading .elementor-heading-title.elementor-size-large{font-size:29px}.elementor-widget-heading .elementor-heading-title.elementor-size-xl{font-size:39px}.elementor-widget-heading .elementor-heading-title.elementor-size-xxl{font-size:59px}<\/style><h2 class=\"elementor-heading-title elementor-size-default\">\u00c0 propos de<\/h2>\t\t<\/div>\n\t\t\t\t<\/div>\n\t\t\t\t\t<\/div>\n\t\t<\/div>\n\t\t\t\t\t\t\t<\/div>\n\t\t<\/section>\n\t\t\t\t<section class=\"elementor-section elementor-top-section elementor-element elementor-element-060265a elementor-section-boxed elementor-section-height-default elementor-section-height-default\" data-id=\"060265a\" data-element_type=\"section\">\n\t\t\t\t\t\t<div class=\"elementor-container elementor-column-gap-default\">\n\t\t\t\t\t<div class=\"elementor-column elementor-col-100 elementor-top-column elementor-element elementor-element-9717458\" data-id=\"9717458\" data-element_type=\"column\">\n\t\t\t<div class=\"elementor-widget-wrap elementor-element-populated\">\n\t\t\t\t\t\t\t\t<div class=\"elementor-element elementor-element-f1f9388 elementor-widget elementor-widget-text-editor\" data-id=\"f1f9388\" data-element_type=\"widget\" data-widget_type=\"text-editor.default\">\n\t\t\t\t<div class=\"elementor-widget-container\">\n\t\t\t<style>\/*! elementor - v3.18.0 - 20-12-2023 *\/\n.elementor-widget-text-editor.elementor-drop-cap-view-stacked .elementor-drop-cap{background-color:#69727d;color:#fff}.elementor-widget-text-editor.elementor-drop-cap-view-framed .elementor-drop-cap{color:#69727d;border:3px solid;background-color:transparent}.elementor-widget-text-editor:not(.elementor-drop-cap-view-default) .elementor-drop-cap{margin-top:8px}.elementor-widget-text-editor:not(.elementor-drop-cap-view-default) .elementor-drop-cap-letter{width:1em;height:1em}.elementor-widget-text-editor .elementor-drop-cap{float:left;text-align:center;line-height:1;font-size:50px}.elementor-widget-text-editor .elementor-drop-cap-letter{display:inline-block}<\/style>\t\t\t\t<p>Bienvenue au c\u0153ur de l&#8217;\u00e9ducation engageante et de la connexion avec la communaut\u00e9 &#8211; l&#8217;application Sustainable Life Skills Cafe. Con\u00e7ue comme un centre de ressources int\u00e9gral et un outil \u00e9ducatif innovant, cette application est la pierre angulaire de notre projet. Notre application r\u00e9volutionne la fa\u00e7on dont nous interagissons avec les ressources, en favorisant une plateforme inclusive et accessible pour l&#8217;apprentissage et la croissance.\u00a0<\/p><p>L&#8217;application est \u00e0 la fois un r\u00e9f\u00e9rentiel dynamique et un outil p\u00e9dagogique qui facilite l&#8217;acc\u00e8s aux ressources produites dans le cadre du projet. Gr\u00e2ce \u00e0 son interface intuitive, les utilisateurs acc\u00e8dent \u00e0 une multitude d&#8217;informations, y compris les dates et la logistique des \u00e9v\u00e9nements, le tout pr\u00e9sent\u00e9 sous la forme d&#8217;une carte interactive. Les op\u00e9rateurs de nos caf\u00e9s d&#8217;apprentissage de la vie durable y trouvent leur place, ce qui leur permet de pr\u00e9senter leurs \u00e9v\u00e9nements et d&#8217;encourager la participation en offrant des d\u00e9tails d\u00e9taill\u00e9s.<\/p>\t\t\t\t\t\t<\/div>\n\t\t\t\t<\/div>\n\t\t\t\t\t<\/div>\n\t\t<\/div>\n\t\t\t\t\t\t\t<\/div>\n\t\t<\/section>\n\t\t\t\t\t\t\t<\/div>\n\t\t","protected":false},"excerpt":{"rendered":"<p>\u00c0 propos de Bienvenue au c\u0153ur de l&#8217;\u00e9ducation engageante et de la connexion avec la communaut\u00e9 &#8211; l&#8217;application Sustainable Life Skills Cafe. Con\u00e7ue comme un centre de ressources int\u00e9gral et un outil \u00e9ducatif innovant, cette application est la pierre angulaire de notre projet. Notre application r\u00e9volutionne la fa\u00e7on dont nous interagissons avec les ressources, en&#8230;<\/p>\n","protected":false},"author":1,"featured_media":0,"parent":0,"menu_order":0,"comment_status":"closed","ping_status":"closed","template":"elementor_header_footer","meta":{"footnotes":""},"class_list":["post-2056","page","type-page","status-publish","hentry"],"_links":{"self":[{"href":"https:\/\/app.slscafe.eu\/index.php\/wp-json\/wp\/v2\/pages\/2056","targetHints":{"allow":["GET"]}}],"collection":[{"href":"https:\/\/app.slscafe.eu\/index.php\/wp-json\/wp\/v2\/pages"}],"about":[{"href":"https:\/\/app.slscafe.eu\/index.php\/wp-json\/wp\/v2\/types\/page"}],"author":[{"embeddable":true,"href":"https:\/\/app.slscafe.eu\/index.php\/wp-json\/wp\/v2\/users\/1"}],"replies":[{"embeddable":true,"href":"https:\/\/app.slscafe.eu\/index.php\/wp-json\/wp\/v2\/comments?post=2056"}],"version-history":[{"count":8,"href":"https:\/\/app.slscafe.eu\/index.php\/wp-json\/wp\/v2\/pages\/2056\/revisions"}],"predecessor-version":[{"id":2091,"href":"https:\/\/app.slscafe.eu\/index.php\/wp-json\/wp\/v2\/pages\/2056\/revisions\/2091"}],"wp:attachment":[{"href":"https:\/\/app.slscafe.eu\/index.php\/wp-json\/wp\/v2\/media?parent=2056"}],"curies":[{"name":"wp","href":"https:\/\/api.w.org\/{rel}","templated":true}]}}